{"id":5,"date":"2019-11-13T18:26:01","date_gmt":"2019-11-13T18:26:01","guid":{"rendered":"http:\/\/www.seatam.com\/index.php\/mesmerize\/"},"modified":"2024-06-19T17:00:07","modified_gmt":"2024-06-19T17:00:07","slug":"mesmerize","status":"publish","type":"page","link":"https:\/\/www.seatam.com\/","title":{"rendered":"Inicio"},"content":{"rendered":"<div id=\"overlappable-1\" class=\"overlappable-7-mc content-section content-section-spacing\" data-label=\"Overlappable\" data-id=\"overlappable-7-mc\" data-export-id=\"overlappable-7-mc\" data-category=\"overlappable\" data-overlap=\"true\">\n<div class=\"gridContainer\">\n<div class=\"row shadow\" data-type=\"row\">\n<div class=\"col-xs-12 col-sm-6 col-md-3 col-padding-small col-padding-small-xs bg-color-white\">\n<div class=\"text-center\">\n<div class=\"col-xs-12 col-sm-fit space-bottom-small-xs\"><\/div>\n<div class=\"col-xs-12 col-sm\" data-type=\"column\">\n<h4 class=\"\">Condition Surveys<\/h4>\n<p class=\"\">Prepurchase, condition surveys and engineering services worldwide<\/p>\n\n<\/div>\n<\/div>\n<\/div>\n<div class=\"col-xs-12 col-sm-6 col-md-3 col-padding-small col-padding-small-xs bg-color-white\">\n<div class=\"text-center\">\n<div class=\"col-xs-12 col-sm-fit space-bottom-small-xs\"><\/div>\n<div class=\"col-xs-12 col-sm\" data-type=\"column\">\n<h4 class=\"\">Inspections<\/h4>\n<p class=\"\">P&amp;I and insurance inspections; flag state inspections<\/p>\n\n<\/div>\n<\/div>\n<\/div>\n<div class=\"col-xs-12 col-sm-6 col-md-3 col-padding-small col-padding-small-xs bg-color-white\">\n<div class=\"text-center\">\n<div class=\"col-xs-12 col-sm-fit space-bottom-small-xs\"><\/div>\n<div class=\"col-xs-12 col-sm\" data-type=\"column\">\n<h4 class=\"\">Cargo Inspections<\/h4>\n<p class=\"\">Pre shipment inspections, Project cargo inspections<\/p>\n\n<\/div>\n<\/div>\n<\/div>\n<div class=\"col-xs-12 col-sm-6 col-md-3 col-padding-small col-padding-small-xs bg-color-white\">\n<div class=\"text-center\">\n<div class=\"col-xs-12 col-sm-fit space-bottom-small-xs\"><\/div>\n<div class=\"col-xs-12 col-sm\" data-type=\"column\">\n<h4 class=\"\">ISM ISPS Code Audits<\/h4>\n<p class=\"\">HSSEQ Internal Audit service worldwide<\/p>\n\n<\/div>\n<\/div>\n<\/div>\n<\/div>\n<\/div>\n<\/div>\n<div id=\"about-1\" class=\"about-images-right-section content-section content-section-spacing\" style=\"background-color: #ffffff;\" data-label=\"About\" data-id=\"about-images-right-section-mc\" data-export-id=\"about-images-right-section-mc\" data-category=\"about\">\n<div class=\"gridContainer\">\n<div class=\"row middle-sm text-center\">\n<div class=\"col-sm-5 content-left-sm\" data-type=\"column\">\n<h5 class=\"\">ISM ISPS HSEQ INTERNAL AUDITS<\/h5>\n<h2 class=\"\">ISM ISPS HSEQ internal audit service provide impartial and independent third party verification.<\/h2>\n<p class=\"\">SEATAM HOLDING S.A. ISM ISPS internal audit service is performed in accordance with our customers\u2019 instructions, or we can provide or design check list to evaluate specific areas of the vessel.\nOur service is performed harmonizing the ISM and ISPS Code with other international standard such as ISO 9001:2015, ISO 14001:2015, ISO 45001:2018 (or OHSAS 18001:2007 \u2013 for those companies which have this certification).<\/p>\n<a class=\"button color1\" href=\"http:\/\/www.seatam.com\/index.php\/contact-us\" target=\"_self\" rel=\"noopener noreferrer\" data-cp-link=\"1\">REQUEST A QUOTATION<\/a>\n\n<\/div>\n<div class=\"col-sm-7 space-bottom-xs\">\n<div class=\"image-group-side-3-img\"><img decoding=\"async\" class=\"topimg shadow-large\" title=\"cropped-P1010538-scaled-1.jpg\" src=\"http:\/\/www.seatam.com\/wp-content\/uploads\/2019\/12\/cropped-P1010538-scaled-1.jpg\" alt=\"\" \/> <img decoding=\"async\" class=\"rightimg shadow-large\" title=\"cropped-20190411_142122-scaled-2.jpg\" src=\"http:\/\/www.seatam.com\/wp-content\/uploads\/2019\/12\/cropped-20190411_142122-scaled-2.jpg\" alt=\"\" \/>\n<div class=\"leftimg\"><img decoding=\"async\" class=\"shadow-large\" title=\"cropped-20170209_114043-scaled-2.jpg\" src=\"http:\/\/www.seatam.com\/wp-content\/uploads\/2019\/12\/cropped-20170209_114043-scaled-2.jpg\" alt=\"\" \/><\/div>\n<\/div>\n<\/div>\n<\/div>\n<\/div>\n<\/div>\n<div id=\"features-10\" class=\"features-16-card-bordered content-section content-section-spacing\" style=\"background-color: #f5fafd;\" data-label=\"Features\" data-id=\"features-16-card-bordered\" data-export-id=\"features-16-card-bordered\" data-category=\"features\">\n<div class=\"gridContainer\">\n<div class=\"row text-center\">\n<div class=\"section-title-col\" data-type=\"column\">\n<h2 class=\"\">What we can do for you?<\/h2>\n<p class=\"lead\">The Scope of our services provides various industrial verification activities such as auditing of management systems (ISM ISPS Code), inspection of vessels (pre-purchase &amp; condition surveys); cargo inspections, such as proyect cargo, pre-shipment inspectios, among others; flag state inspections; ship registration and certification.<\/p>\n\n<\/div>\n<\/div>\n<div class=\"row spaced-cols\" data-type=\"row\">\n<div class=\"col-xs-12 col-sm-6 col-md-4\">\n<div class=\"card no-padding bordered y-move\"><a href=\"http:\/\/www.seatam.com\/index.php\/pre-purchase-inspection\" target=\"_self\" rel=\"noopener noreferrer\" data-cp-link=\"1\"><img decoding=\"async\" class=\"face\" title=\"cropped-002.jpg\" src=\"http:\/\/www.seatam.com\/wp-content\/uploads\/2019\/12\/cropped-002.jpg\" alt=\"\" \/><\/a>\n<div class=\"col-padding-small col-padding-small-xs description-container\" data-type=\"column\">\n<h4 class=\"font-500\">Pre-purchase &amp; Condition inspections<\/h4>\n<p class=\"\">Condition surveys, on off hire, P&amp;I inspections, pre-purchase inspection, statutory inspections. We have specialist\u00a0 to conduct such services in any kind of vessels.<\/p>\n\n<\/div>\n<div class=\"col-padding-small col-padding-small-xs read-more-container\" data-type=\"column\"><a class=\"read-more\">learn more<\/a><\/div>\n<\/div>\n<\/div>\n<div class=\"col-xs-12 col-sm-6 col-md-4\">\n<div class=\"card no-padding bordered y-move\"><img decoding=\"async\" class=\"face\" title=\"cropped-DSC00279-scaled.jpg\" src=\"http:\/\/www.seatam.com\/wp-content\/uploads\/2019\/12\/cropped-DSC00279-scaled.jpg\" alt=\"\" \/>\n<div class=\"col-padding-small col-padding-small-xs description-container\" data-type=\"column\">\n<h4 class=\"font-500\">Project Cargo<\/h4>\n<p class=\"\">Project cargo inspection, also known as project logistics cargo inspection is a service that provides a third party verification of conformance regarding the loading and unloading process.<\/p>\n\n<\/div>\n<div class=\"col-padding-small col-padding-small-xs read-more-container\" data-type=\"column\"><a class=\"read-more\">learn more<\/a><\/div>\n<\/div>\n<\/div>\n<div class=\"col-xs-12 col-sm-6 col-md-4\">\n<div class=\"card no-padding bordered y-move\"><a href=\"http:\/\/www.seatam.com\/index.php\/ism-isps-audits\" target=\"_self\" rel=\"noopener noreferrer\" data-cp-link=\"1\"><img decoding=\"async\" class=\"face\" title=\"cropped-DSC01534-scaled.jpg\" src=\"http:\/\/www.seatam.com\/wp-content\/uploads\/2019\/12\/cropped-DSC01534-scaled.jpg\" alt=\"\" \/><\/a>\n<div class=\"col-padding-small col-padding-small-xs description-container\" data-type=\"column\">\n<h4 class=\"font-500\">ISM ISPS HSEQ audits<\/h4>\n<p class=\"\">ISM ISPS HSEQ internal audit service\u00a0is performed taking into consideration international rules and regulations to verify the implementation of The ISM &amp; ISPS Code onboard ships.<\/p>\n\n<\/div>\n<div class=\"col-padding-small col-padding-small-xs read-more-container\" data-type=\"column\"><a class=\"read-more\" href=\"http:\/\/www.seatam.com\/index.php\/ism-isps-audits\" target=\"_self\" rel=\"noopener noreferrer\" data-cp-link=\"1\">learn more<\/a><\/div>\n<\/div>\n<\/div>\n<\/div>\n<\/div>\n<\/div>\n<div id=\"content-13\" class=\"content-2 content-section content-section-spacing\" style=\"background-color: #ffffff;\" data-label=\"Content\" data-id=\"content-2\" data-export-id=\"content-2\" data-category=\"content\">\n<div>\n<div class=\"row middle-xs\">\n<div class=\"col-sm-5 bg-image shadow-large-black\" style=\"background-image: url('http:\/\/www.seatam.com\/wp-content\/uploads\/2020\/03\/cropped-Seatam-Learning-Trainingonb.jpg');\" data-bg=\"image\"><\/div>\n<div class=\"col-sm-7 full-col-left-padding full-col-right-padding\">\n<div class=\"row\">\n<div class=\"space-bottom-small content-title-col\" data-type=\"column\">\n<h5 class=\"\">ONBOARD TRAINING &amp; IN-HOUSE TRAINING<\/h5>\n<h2 class=\"\">Seatam Learning has a vast experience conducting onboard training\u00a0 to bring effective solutions to maintain competitive advantage.<\/h2>\n<p class=\"\">Seatam Learning is a division of Seatam Holding S.A. to perform training services onboard and in-house training solutions. Each of our courses had been developed under a quality system taking in to account IMO standards, Flag State requirements and Company QMS requirements.<\/p>\nWe desing and develop training solutions in the following areas: Management Systems; Maritime Security; MLC 2006; Risk Assessment and Management; Marine Engineering; Ship Operation; Marine Suveying; ISO Standards.\n\n<\/div>\n<\/div>\n<div class=\"row spaced-cols \" data-type=\"row\">\n<div class=\"col-xs-6\" data-type=\"column\"><\/div>\n<\/div>\n<\/div>\n<\/div>\n<\/div>\n<\/div>\n<div id=\"counters-2\" class=\"counters-2 content-section content-section-spacing\" style=\"background-color: #ffffff;\" data-label=\"Counters\" data-id=\"counters-2\" data-export-id=\"counters-2\" data-category=\"counters\">\n<div class=\"gridContainer\">\n<div class=\"row text-center\">\n<div class=\"section-title-col\" data-type=\"column\">\n<h2 class=\"\">ISM ISPS HSEQ Internal Audits<\/h2>\n<p class=\"lead\">Our offices and associated have performed more thay 1490\u00a0 ISM ISPS HSEQ internal audits during the past 5 years.\u00a0 We have\u00a0 implemented a professional networking in more thay 150 ports worldwide and our auditing stations had been located strategically to provide the service in the most effective manner to avoid extra cost (when it is possible) to bring the service under the Most Successful Price Optimization Project<\/p>\n\n<\/div>\n<\/div>\n<div class=\"row\" data-type=\"row\">\n<div class=\"col-xs-12 col-sm-4 text-center space-bottom\"><i class=\"fa fa-envira icon color1\"><\/i>\n<h3 class=\"font-400\" style=\"display: inline-block;\" data-min=\"80\" data-max=\"250\" data-duration=\"2000\" data-prefix=\"\" data-suffix=\"+\" data-countup=\"true\"><\/h3>\n<h5 class=\"upper color2\">ISM ISPS HSEQ internal audits per year<\/h5>\n<\/div>\n<div class=\"col-xs-12 col-sm-4 text-center space-bottom\"><i class=\"fa fa-smile-o icon color1\"><\/i>\n<h3 class=\"font-400\" style=\"display: inline-block;\" data-min=\"99\" data-max=\"454\" data-duration=\"2000\" data-prefix=\"\" data-suffix=\"+\" data-countup=\"true\"><\/h3>\n<h5 class=\"upper color2\">WORLDWIDE ISM ISPS RISK ASSESSMENT IN THE PAST 5 YEARS<\/h5>\n<\/div>\n<div class=\"col-xs-12 col-sm-4 text-center space-bottom\"><i class=\"fa fa-trophy icon color1\"><\/i>\n<h3 class=\"font-400\" style=\"display: inline-block;\" data-min=\"300\" data-max=\"1490\" data-duration=\"2000\" data-prefix=\"\" data-suffix=\"+\" data-countup=\"true\"><\/h3>\n<h5 class=\"upper color2\">ISM ISPS HSEQ INTERNAL AUDITS IN THE PAST 5 YEARS<\/h5>\n<\/div>\n<\/div>\n<\/div>\n<\/div>\n<div id=\"cta-1\" class=\"cta-blue-section content-section content-section-spacing-medium bg-color1 white-text\" data-label=\"Cta\" data-id=\"cta-blue-section\" data-export-id=\"cta-blue-section\" data-category=\"cta\">\n<div class=\"gridContainer\">\n<div class=\"row middle-xs\">\n<div class=\"col-sm-8 space-bottom-xs\" data-type=\"column\">\n<h2 class=\"\">Send us your questions<\/h2>\n<\/div>\n<div class=\"col-sm-4 end-sm\" data-type=\"column\"><a class=\"button color2\" href=\"http:\/\/www.seatam.com\/index.php\/contact-us\" target=\"_self\" rel=\"noopener noreferrer\" data-cp-link=\"1\">Contact us<\/a><\/div>\n<\/div>\n<\/div>\n<\/div>\n<div id=\"latest-news-1\" class=\"blog-section blog-section-standard content-section content-section-spacing\" style=\"background-color: #f5fafd;\" data-label=\"Latest-news\" data-id=\"blog-section\" data-export-id=\"blog-section\" data-category=\"latest_news\">\n<div class=\"gridContainer\">\n<div class=\"row\">\n<div class=\"section-title-col\" data-type=\"column\">\n<h2 class=\"\">Latest News<\/h2>\n<p class=\"lead\">This is our trusted source for news, analysis, interviews, headlines and much more at Seatam Holding S.A.<\/p>\n\n<\/div>\n<\/div>\n<div class=\"row\">\n<div data-type=\"row\" data-dynamic-columns=\"handled\" data-content-shortcode=\"mesmerize_latest_news\">\t\t<div class=\"row center-sm content-left-sm\">\n\t\t\t\t\t<div id=\"post-268\" class=\"col-sm-6 col-md-4 space-bottom space-bottom-xs\">\n\t\t\t\t<div class=\"post-content card y-move bordered\">\n\t\t\t\t\t<div class=\"post-thumbnail\">\n   <a href=\"https:\/\/www.seatam.com\/index.php\/2020\/03\/06\/paraguays-barge-fleet-is-the-third-largest-in-the-world-right-after-the-united-states-and-china\/\" class=\"post-list-item-thumb \">\n      <img loading=\"lazy\" decoding=\"async\" width=\"702\" height=\"336\" src=\"https:\/\/www.seatam.com\/wp-content\/uploads\/2020\/03\/Barcaza-idonea.jpeg\" class=\"attachment-post-thumbnail size-post-thumbnail wp-post-image\" alt=\"\" srcset=\"https:\/\/www.seatam.com\/wp-content\/uploads\/2020\/03\/Barcaza-idonea.jpeg 702w, https:\/\/www.seatam.com\/wp-content\/uploads\/2020\/03\/Barcaza-idonea-300x144.jpeg 300w\" sizes=\"auto, (max-width: 702px) 100vw, 702px\" \/>   <\/a>\n<\/div>\n\t\t\t\t\t<div class=\"col-padding col-padding-xs\">\n\t\t\t\t\t\t<h3 class=\"post-title space-bottom-small\">\n\t\t\t\t\t\t\t<a href=\"https:\/\/www.seatam.com\/index.php\/2020\/03\/06\/paraguays-barge-fleet-is-the-third-largest-in-the-world-right-after-the-united-states-and-china\/\" rel=\"bookmark\">\n\t\t\t\t\t\t\t\tParaguay\u00b4s barge fleet is the third largest in the world, right after the United States and China\t\t\t\t\t\t\t<\/a>\n\t\t\t\t\t\t<\/h3>\n\t\t\t\t\t\t<p>The Paraguay-Parana rives has 3,442 kilometers long river runs through Argentina, Brazil, Bolivia, Paraguay and Uruguay: The Hidrovia. Though this river route, Paraguay imports and exports the 70% of their[&hellip;]<\/p>\n\t\t\t\t\t\t<a class=\"read-more link\" href=\"https:\/\/www.seatam.com\/index.php\/2020\/03\/06\/paraguays-barge-fleet-is-the-third-largest-in-the-world-right-after-the-united-states-and-china\/\">\n\t\t\t\t\t\t\tRead more\t\t\t\t\t\t<\/a>\n\t\t\t\t\t<\/div>\n\t\t\t\t<\/div>\n\t\t\t<\/div>\n\t\t\t\t\t\t<div id=\"post-209\" class=\"col-sm-6 col-md-4 space-bottom space-bottom-xs\">\n\t\t\t\t<div class=\"post-content card y-move bordered\">\n\t\t\t\t\t<div class=\"post-thumbnail\">\n   <a href=\"https:\/\/www.seatam.com\/index.php\/2019\/12\/14\/la-hidrovia-paraguay-parana\/\" class=\"post-list-item-thumb \">\n      <img loading=\"lazy\" decoding=\"async\" width=\"702\" height=\"336\" src=\"https:\/\/www.seatam.com\/wp-content\/uploads\/2019\/12\/Barge3.jpeg\" class=\"attachment-post-thumbnail size-post-thumbnail wp-post-image\" alt=\"\" srcset=\"https:\/\/www.seatam.com\/wp-content\/uploads\/2019\/12\/Barge3.jpeg 702w, https:\/\/www.seatam.com\/wp-content\/uploads\/2019\/12\/Barge3-300x144.jpeg 300w\" sizes=\"auto, (max-width: 702px) 100vw, 702px\" \/>   <\/a>\n<\/div>\n\t\t\t\t\t<div class=\"col-padding col-padding-xs\">\n\t\t\t\t\t\t<h3 class=\"post-title space-bottom-small\">\n\t\t\t\t\t\t\t<a href=\"https:\/\/www.seatam.com\/index.php\/2019\/12\/14\/la-hidrovia-paraguay-parana\/\" rel=\"bookmark\">\n\t\t\t\t\t\t\t\tLa Hidrov\u00eda Paraguay-Paran\u00e1\t\t\t\t\t\t\t<\/a>\n\t\t\t\t\t\t<\/h3>\n\t\t\t\t\t\t<p>La Hidrov\u00eda Paraguay-Paran\u00e1 es un acuerdo de transporte fluvial entre los pa\u00edses rivere\u00f1os que comparten los r\u00edos del mismo nombre y la cual nace en Puerto C\u00e1ceres en Brasil y[&hellip;]<\/p>\n\t\t\t\t\t\t<a class=\"read-more link\" href=\"https:\/\/www.seatam.com\/index.php\/2019\/12\/14\/la-hidrovia-paraguay-parana\/\">\n\t\t\t\t\t\t\tRead more\t\t\t\t\t\t<\/a>\n\t\t\t\t\t<\/div>\n\t\t\t\t<\/div>\n\t\t\t<\/div>\n\t\t\t\t\t\t<div id=\"post-207\" class=\"col-sm-6 col-md-4 space-bottom space-bottom-xs\">\n\t\t\t\t<div class=\"post-content card y-move bordered\">\n\t\t\t\t\t<div class=\"post-thumbnail\">\n   <a href=\"https:\/\/www.seatam.com\/index.php\/2019\/12\/14\/gestion-de-la-calidad-y-calidad-de-la-educacion\/\" class=\"post-list-item-thumb \">\n      <img loading=\"lazy\" decoding=\"async\" width=\"805\" height=\"516\" src=\"https:\/\/www.seatam.com\/wp-content\/uploads\/2019\/12\/MCO-Clases.jpg\" class=\"attachment-post-thumbnail size-post-thumbnail wp-post-image\" alt=\"\" srcset=\"https:\/\/www.seatam.com\/wp-content\/uploads\/2019\/12\/MCO-Clases.jpg 805w, https:\/\/www.seatam.com\/wp-content\/uploads\/2019\/12\/MCO-Clases-300x192.jpg 300w, https:\/\/www.seatam.com\/wp-content\/uploads\/2019\/12\/MCO-Clases-768x492.jpg 768w\" sizes=\"auto, (max-width: 805px) 100vw, 805px\" \/>   <\/a>\n<\/div>\n\t\t\t\t\t<div class=\"col-padding col-padding-xs\">\n\t\t\t\t\t\t<h3 class=\"post-title space-bottom-small\">\n\t\t\t\t\t\t\t<a href=\"https:\/\/www.seatam.com\/index.php\/2019\/12\/14\/gestion-de-la-calidad-y-calidad-de-la-educacion\/\" rel=\"bookmark\">\n\t\t\t\t\t\t\t\tGesti\u00f3n de la calidad y calidad de la educaci\u00f3n\t\t\t\t\t\t\t<\/a>\n\t\t\t\t\t\t<\/h3>\n\t\t\t\t\t\t<p>Gesti\u00f3n de la calidad y calidad de la educaci\u00f3n son dos conceptos relacionados mediante el v\u00ednculo conceptual que resulta un factor en com\u00fan. La norma ISO 9000:2015 (cl\u00e1usula 2.2.1) define[&hellip;]<\/p>\n\t\t\t\t\t\t<a class=\"read-more link\" href=\"https:\/\/www.seatam.com\/index.php\/2019\/12\/14\/gestion-de-la-calidad-y-calidad-de-la-educacion\/\">\n\t\t\t\t\t\t\tRead more\t\t\t\t\t\t<\/a>\n\t\t\t\t\t<\/div>\n\t\t\t\t<\/div>\n\t\t\t<\/div>\n\t\t\t\t<\/div>\n\t<\/div>\n<\/div>\n<div class=\"row\">\n<div class=\"text-center\"><a class=\"button color1\" href=\"https:\/\/www.seatam.com\/index.php\/blog\/\" data-attr-shortcode=\"href:mesmerize_blog_link\">SEE ALL BLOG POSTS<\/a><\/div>\n<\/div>\n<\/div>\n<\/div>\n<div id=\"about-2\" class=\"about-4 content-section content-section-spacing\" style=\"background-color: #f5fafd;\" data-label=\"About\" data-id=\"about--1\" data-export-id=\"about-4\" data-category=\"about\">\n<div class=\"gridContainer\">\n<div class=\"row middle-sm text-center\">\n<div class=\"col-sm-5 space-bottom-xs\" data-type=\"column\">\n<h2 class=\"\">Our Sea\n<span style=\"font-family: Playfair Display,sans-serif; font-weight: bold; font-style: italic;\">The official newsletter of Seatam Holding<\/span><\/h2>\n<a class=\"link\" href=\"http:\/\/www.seatam.com\/oursea\/our-sea-seatam-holding-vol-1.pdf\" target=\"_blank\" rel=\"noopener\" data-cp-link=\"1\">OUR SEA \u00b7 Vol 1 \u00b7 April 2nd, 2020<\/a>\n\n<\/div>\n<div class=\"col-sm-7 flexbox center-xs middle-xs image-group-2-img\"><a class=\"img-1-anchor\" href=\"http:\/\/www.seatam.com\/oursea\/our-sea-seatam-holding-vol-1.pdf\" target=\"_blank\" rel=\"noopener\" data-cp-link=\"1\"><img decoding=\"async\" class=\"img-1 shadow-large\" title=\"cropped-1.png\" src=\"http:\/\/www.seatam.com\/wp-content\/uploads\/2020\/04\/cropped-3-1.png\" alt=\"\" data-size=\"250x200\" \/><\/a> <a class=\"img-2-anchor\" href=\"http:\/\/www.seatam.com\/oursea\/our-sea-seatam-holding-vol-1.pdf\" target=\"_blank\" rel=\"noopener\" data-cp-link=\"1\"><img decoding=\"async\" class=\"img-2 shadow-large\" title=\"cropped-3.png\" src=\"http:\/\/www.seatam.com\/wp-content\/uploads\/2020\/04\/cropped-1-1.png\" alt=\"\" data-size=\"220x170\" \/><\/a><\/div>\n<\/div>\n<\/div>\n<\/div>\n<div id=\"contact-1\" class=\"contact-1 content-section content-section-spacing white-text\" data-label=\"Contact\" data-id=\"contact-1\" data-export-id=\"contact-1\" data-category=\"contact\" data-parallax-depth=\"20\">\n<div class=\"gridContainer\">\n<div class=\"row text-center\">\n<div class=\"section-title-col\" data-type=\"column\">\n<h2 class=\"\">Contact us<\/h2>\n<p class=\"lead\">Legi\u00f3n Civil Extranjera 483 \u00b7 Oficina 3 \u00b7 c\/Campos Cervera<\/p>\nRecoleta, Asunci\u00f3n, PY \u00b7 info@seatam.com\n\n021 610532\u00a0 021 608385 (Mobile) +595 9 8189 8780\n\n<\/div>\n<\/div>\n<div class=\"row text-center\">\n<div class=\"col-xs-12 col-sm-8 col-sm-offset-2 contact-form-wrapper inline-info\">\n<div class=\"card large-padding\">\n<div class=\"\" data-content-shortcode=\"mesmerize_contact_form shortcode=&quot;contact-form-7 id=&amp;amp;quot;224&amp;amp;quot; title=&amp;amp;quot;Formulario de contacto 1&amp;amp;quot;&quot;\" data-editable=\"true\"><\/div>\n<\/div>\n<\/div>\n<\/div>\n<\/div>\n<\/div>","protected":false},"excerpt":{"rendered":"<p>Condition Surveys Prepurchase, condition surveys and engineering services worldwide Inspections P&amp;I and insurance inspections; flag state inspections Cargo Inspections Pre shipment inspections, Project cargo inspections ISM ISPS Code Audits HSSEQ Internal Audit service worldwide ISM ISPS HSEQ INTERNAL AUDITS ISM ISPS HSEQ internal audit service provide impartial and independent third party verification. SEATAM HOLDING S.A.&hellip; <br \/> <a class=\"read-more\" href=\"https:\/\/www.seatam.com\/index.php\/2019\/12\/14\/gestion-de-la-calidad-y-calidad-de-la-educacion\/\">Leer m\u00e1s<\/a><\/p>\n","protected":false},"author":1,"featured_media":0,"parent":0,"menu_order":0,"comment_status":"closed","ping_status":"closed","template":"page-templates\/homepage.php","meta":{"footnotes":""},"class_list":["post-5","page","type-page","status-publish","hentry"],"_links":{"self":[{"href":"https:\/\/www.seatam.com\/index.php\/wp-json\/wp\/v2\/pages\/5","targetHints":{"allow":["GET"]}}],"collection":[{"href":"https:\/\/www.seatam.com\/index.php\/wp-json\/wp\/v2\/pages"}],"about":[{"href":"https:\/\/www.seatam.com\/index.php\/wp-json\/wp\/v2\/types\/page"}],"author":[{"embeddable":true,"href":"https:\/\/www.seatam.com\/index.php\/wp-json\/wp\/v2\/users\/1"}],"replies":[{"embeddable":true,"href":"https:\/\/www.seatam.com\/index.php\/wp-json\/wp\/v2\/comments?post=5"}],"version-history":[{"count":51,"href":"https:\/\/www.seatam.com\/index.php\/wp-json\/wp\/v2\/pages\/5\/revisions"}],"predecessor-version":[{"id":636,"href":"https:\/\/www.seatam.com\/index.php\/wp-json\/wp\/v2\/pages\/5\/revisions\/636"}],"wp:attachment":[{"href":"https:\/\/www.seatam.com\/index.php\/wp-json\/wp\/v2\/media?parent=5"}],"curies":[{"name":"wp","href":"https:\/\/api.w.org\/{rel}","templated":true}]}}